{"id":611,"date":"2022-05-07T11:27:33","date_gmt":"2022-05-07T11:27:33","guid":{"rendered":"https:\/\/pressmart.presslayouts.com\/dummy\/?page_id=611"},"modified":"2025-03-08T19:35:10","modified_gmt":"2025-03-09T02:35:10","slug":"contact-us-3","status":"publish","type":"page","link":"https:\/\/revandjo.com\/en\/contact-us-3\/","title":{"rendered":"Contact Us 3"},"content":{"rendered":"<div data-elementor-type=\"wp-page\" data-elementor-id=\"611\" class=\"elementor elementor-611\">\n\t\t\t\t\t\t<section class=\"elementor-section elementor-top-section elementor-element elementor-element-a6be038 elementor-section-boxed elementor-section-height-default elementor-section-height-default\" data-id=\"a6be038\" data-element_type=\"section\" data-e-type=\"section\">\n\t\t\t\t\t\t<div class=\"elementor-container elementor-column-gap-default\">\n\t\t\t\t\t<div class=\"elementor-column elementor-col-50 elementor-top-column elementor-element elementor-element-9de0d62\" data-id=\"9de0d62\" data-element_type=\"column\" data-e-type=\"column\">\n\t\t\t<div class=\"elementor-widget-wrap elementor-element-populated\">\n\t\t\t\t\t\t<div class=\"elementor-element elementor-element-8f3d5c1 elementor-widget elementor-widget-pressmart-heading\" data-id=\"8f3d5c1\" data-element_type=\"widget\" data-e-type=\"widget\" data-widget_type=\"pressmart-heading.default\">\n\t\t\t\t<div class=\"elementor-widget-container\">\n\t\t\t\t\t<div id=\"pressmart-header-43661\" class=\"pressmart-element pressmart-heading text-left separator-none separator-between-heading\">\t\n\t\t\t\n\t\t\t<div class=\"heading-wrap\">\n\t\t\t<span class=\"separator-left\"><\/span>\n\t\t\t<h2 class=\"heading-title\">CONT\u00c1CTANOS<\/h2>\t\t\t<span class=\"separator-right\"><\/span>\n\t\t\t\t\t<\/div>\n\t\t\n    <\/div>\t\t\t\t<\/div>\n\t\t\t\t<\/div>\n\t\t\t\t<div class=\"elementor-element elementor-element-0162948 elementor-widget elementor-widget-pressmart-infobox\" data-id=\"0162948\" data-element_type=\"widget\" data-e-type=\"widget\" data-widget_type=\"pressmart-infobox.default\">\n\t\t\t\t<div class=\"elementor-widget-container\">\n\t\t\t\t\t<div id=\"pressmart-info-box-99702\" class=\"pressmart-element pressmart-info-box icon-effect-none icon-custom icon-left color-scheme-inherit hover-color-scheme-inherit pls-full-info-link\">\n\t<div class=\"info-box-wrap\"  onclick=\"window.open('https:\/\/wa.me\/+523113970110','_self')\" >\n\t\t<div class=\"box-icon-wrap\">\n\t\t\t\t\t\t\t<div class=\"info-box-icon\"><i aria-hidden=\"true\" class=\"picon picon-whatsapp\"><\/i><\/div>\n\t\t\t\t\t<\/div>\n\t\t<div class=\"info-box-content\">\n\t\t\t\t\t\t\t\t\t\t<div class=\"info-box-title mb\" >\t\t\t\t\n\t\t\t\t\t<h5>Tel\u00e9fono \/ Whatsapp<\/h5>\t\t\t\t\t\n\t\t\t\t<\/div>\n\t\t\t\t\t\t\t\t\t\t<div class=\"info-box-description mb\">\n\t\t\t\t\t<p>(311) 397-01-10<\/p>\n\t\t\t\t<\/div>\n\t\t\t\t\t<\/div>\n\t<\/div>\n<\/div>\t\t\t\t<\/div>\n\t\t\t\t<\/div>\n\t\t\t\t<div class=\"elementor-element elementor-element-d49047a elementor-widget elementor-widget-pressmart-infobox\" data-id=\"d49047a\" data-element_type=\"widget\" data-e-type=\"widget\" data-widget_type=\"pressmart-infobox.default\">\n\t\t\t\t<div class=\"elementor-widget-container\">\n\t\t\t\t\t<div id=\"pressmart-info-box-55539\" class=\"pressmart-element pressmart-info-box icon-effect-none icon-custom icon-left color-scheme-inherit hover-color-scheme-inherit\">\n\t<div class=\"info-box-wrap\"  >\n\t\t<div class=\"box-icon-wrap\">\n\t\t\t\t\t\t\t<div class=\"info-box-icon\"><i aria-hidden=\"true\" class=\"picon picon-envelope\"><\/i><\/div>\n\t\t\t\t\t<\/div>\n\t\t<div class=\"info-box-content\">\n\t\t\t\t\t\t\t\t\t\t<div class=\"info-box-title mb\" >\t\t\t\t\n\t\t\t\t\t<h5>Correo electr\u00f3nico<\/h5>\t\t\t\t\t\n\t\t\t\t<\/div>\n\t\t\t\t\t\t\t\t\t\t<div class=\"info-box-description mb\">\n\t\t\t\t\t<p>ventas@revandjo.com<\/p>\n\t\t\t\t<\/div>\n\t\t\t\t\t<\/div>\n\t<\/div>\n<\/div>\t\t\t\t<\/div>\n\t\t\t\t<\/div>\n\t\t\t\t\t<\/div>\n\t\t<\/div>\n\t\t\t\t<div class=\"elementor-column elementor-col-50 elementor-top-column elementor-element elementor-element-3d1a383\" data-id=\"3d1a383\" data-element_type=\"column\" data-e-type=\"column\">\n\t\t\t<div class=\"elementor-widget-wrap elementor-element-populated\">\n\t\t\t\t\t\t<div class=\"elementor-element elementor-element-14d77c8 elementor-widget elementor-widget-pressmart-heading\" data-id=\"14d77c8\" data-element_type=\"widget\" data-e-type=\"widget\" data-widget_type=\"pressmart-heading.default\">\n\t\t\t\t<div class=\"elementor-widget-container\">\n\t\t\t\t\t<div id=\"pressmart-header-8010\" class=\"pressmart-element pressmart-heading text-left separator-none separator-between-heading\">\t\n\t\t\t\n\t\t\t<div class=\"heading-wrap\">\n\t\t\t<span class=\"separator-left\"><\/span>\n\t\t\t<h2 class=\"heading-title\">\u00bfTienes algo que contarnos?<\/h2>\t\t\t<span class=\"separator-right\"><\/span>\n\t\t\t\t\t<\/div>\n\t\t\n    \t\t<div class=\"heading-tagline\"> Escr\u00edbenos si deseas m\u00e1s informaci\u00f3n sobre nosotros, patrocinios o m\u00e1s. <\/div>\n\t<\/div>\t\t\t\t<\/div>\n\t\t\t\t<\/div>\n\t\t\t\t<div class=\"elementor-element elementor-element-b4c0272 elementor-widget elementor-widget-pressmart_contactus\" data-id=\"b4c0272\" data-element_type=\"widget\" data-e-type=\"widget\" data-widget_type=\"pressmart_contactus.default\">\n\t\t\t\t<div class=\"elementor-widget-container\">\n\t\t\t\t\t<div class=\"pressmart-element pressmart-contact-us shape-square\">\n\t\n<div class=\"wpcf7 no-js\" id=\"wpcf7-f608-o1\" lang=\"en-US\" dir=\"ltr\" data-wpcf7-id=\"608\">\n<div class=\"screen-reader-response\"><p role=\"status\" aria-live=\"polite\" aria-atomic=\"true\"><\/p> <ul><\/ul><\/div>\n<form action=\"\/en\/wp-json\/wp\/v2\/pages\/611#wpcf7-f608-o1\" method=\"post\" class=\"wpcf7-form init\" aria-label=\"Contact form\" novalidate=\"novalidate\" data-status=\"init\" data-trp-original-action=\"\/en\/wp-json\/wp\/v2\/pages\/611#wpcf7-f608-o1\">\n<fieldset class=\"hidden-fields-container\"><input type=\"hidden\" name=\"_wpcf7\" value=\"608\" \/><input type=\"hidden\" name=\"_wpcf7_version\" value=\"6.1.5\" \/><input type=\"hidden\" name=\"_wpcf7_locale\" value=\"en_US\" \/><input type=\"hidden\" name=\"_wpcf7_unit_tag\" value=\"wpcf7-f608-o1\" \/><input type=\"hidden\" name=\"_wpcf7_container_post\" value=\"0\" \/><input type=\"hidden\" name=\"_wpcf7_posted_data_hash\" value=\"\" \/><input type=\"hidden\" name=\"_wpcf7_recaptcha_response\" value=\"\" \/>\n<\/fieldset>\n<p><span class=\"wpcf7-form-control-wrap\" data-name=\"your-name\"><input size=\"40\" maxlength=\"400\" class=\"wpcf7-form-control wpcf7-text wpcf7-validates-as-required\" aria-required=\"true\" aria-invalid=\"false\" placeholder=\"Tu nombre*\" value=\"\" type=\"text\" name=\"your-name\" \/><\/span>\n<\/p>\n<p><span class=\"wpcf7-form-control-wrap\" data-name=\"your-email\"><input size=\"40\" maxlength=\"400\" class=\"wpcf7-form-control wpcf7-email wpcf7-validates-as-required wpcf7-text wpcf7-validates-as-email\" aria-required=\"true\" aria-invalid=\"false\" placeholder=\"Tu Email*\" value=\"\" type=\"email\" name=\"your-email\" \/><\/span>\n<\/p>\n<p><span class=\"wpcf7-form-control-wrap\" data-name=\"your-subject\"><input size=\"40\" maxlength=\"400\" class=\"wpcf7-form-control wpcf7-text wpcf7-validates-as-required\" aria-required=\"true\" aria-invalid=\"false\" placeholder=\"Asunto*\" value=\"\" type=\"text\" name=\"your-subject\" \/><\/span>\n<\/p>\n<p><span class=\"wpcf7-form-control-wrap\" data-name=\"your-message\"><textarea cols=\"40\" rows=\"10\" maxlength=\"2000\" class=\"wpcf7-form-control wpcf7-textarea\" aria-invalid=\"false\" placeholder=\"Tu Mensaje\" name=\"your-message\"><\/textarea><\/span>\n<\/p>\n<p><input class=\"wpcf7-form-control wpcf7-submit has-spinner\" type=\"submit\" value=\"Enviar Mensaje\" \/>\n<\/p><div class=\"wpcf7-response-output\" aria-hidden=\"true\"><\/div>\n<input type=\"hidden\" name=\"trp-form-language\" value=\"en\"\/><\/form>\n<\/div>\n<\/div>\t\t\t\t<\/div>\n\t\t\t\t<\/div>\n\t\t\t\t\t<\/div>\n\t\t<\/div>\n\t\t\t\t\t<\/div>\n\t\t<\/section>\n\t\t\t\t<\/div>","protected":false},"excerpt":{"rendered":"<p>CONT\u00c1CTANOS Tel\u00e9fono \/ Whatsapp (311) 397-01-10 Correo electr\u00f3nico ventas@revandjo.com \u00bfTienes algo que contarnos? Escr\u00edbenos si deseas m\u00e1s informaci\u00f3n sobre nosotros, patrocinios o m\u00e1s.<\/p>","protected":false},"author":1,"featured_media":0,"parent":0,"menu_order":0,"comment_status":"closed","ping_status":"closed","template":"","meta":{"footnotes":""},"class_list":["post-611","page","type-page","status-publish","hentry"],"yoast_head":"<!-- This site is optimized with the Yoast SEO plugin v27.2 - https:\/\/yoast.com\/product\/yoast-seo-wordpress\/ -->\n<title>Contact Us 3 - REV&amp;JO<\/title>\n<meta name=\"robots\" content=\"index, follow, max-snippet:-1, max-image-preview:large, max-video-preview:-1\" \/>\n<link rel=\"canonical\" href=\"https:\/\/www.revandjo.com\/contact-us-3\/\" \/>\n<meta property=\"og:locale\" content=\"en_US\" \/>\n<meta property=\"og:type\" content=\"article\" \/>\n<meta property=\"og:title\" content=\"Contact Us 3 - REV&amp;JO\" \/>\n<meta property=\"og:description\" content=\"CONT\u00c1CTANOS Tel\u00e9fono \/ Whatsapp (311) 397-01-10 Correo electr\u00f3nico ventas@revandjo.com \u00bfTienes algo que contarnos? Escr\u00edbenos si deseas m\u00e1s informaci\u00f3n sobre nosotros, patrocinios o m\u00e1s.\" \/>\n<meta property=\"og:url\" content=\"https:\/\/www.revandjo.com\/contact-us-3\/\" \/>\n<meta property=\"og:site_name\" content=\"REV&amp;JO\" \/>\n<meta property=\"article:publisher\" content=\"https:\/\/www.facebook.com\/profile.php?id=61557333809112\" \/>\n<meta property=\"article:modified_time\" content=\"2025-03-09T02:35:10+00:00\" \/>\n<meta name=\"twitter:card\" content=\"summary_large_image\" \/>\n<script type=\"application\/ld+json\" class=\"yoast-schema-graph\">{\"@context\":\"https:\/\/schema.org\",\"@graph\":[{\"@type\":\"WebPage\",\"@id\":\"https:\/\/www.revandjo.com\/contact-us-3\/\",\"url\":\"https:\/\/www.revandjo.com\/contact-us-3\/\",\"name\":\"Contact Us 3 - REV&amp;JO\",\"isPartOf\":{\"@id\":\"https:\/\/revandjo.com\/#website\"},\"datePublished\":\"2022-05-07T11:27:33+00:00\",\"dateModified\":\"2025-03-09T02:35:10+00:00\",\"breadcrumb\":{\"@id\":\"https:\/\/www.revandjo.com\/contact-us-3\/#breadcrumb\"},\"inLanguage\":\"en-US\",\"potentialAction\":[{\"@type\":\"ReadAction\",\"target\":[\"https:\/\/www.revandjo.com\/contact-us-3\/\"]}]},{\"@type\":\"BreadcrumbList\",\"@id\":\"https:\/\/www.revandjo.com\/contact-us-3\/#breadcrumb\",\"itemListElement\":[{\"@type\":\"ListItem\",\"position\":1,\"name\":\"Portada\",\"item\":\"https:\/\/revandjo.com\/\"},{\"@type\":\"ListItem\",\"position\":2,\"name\":\"Contact Us 3\"}]},{\"@type\":\"WebSite\",\"@id\":\"https:\/\/revandjo.com\/#website\",\"url\":\"https:\/\/revandjo.com\/\",\"name\":\"REV&JO\",\"description\":\"l\u00ednea de ropa outdoor en M\u00e9xico\",\"publisher\":{\"@id\":\"https:\/\/revandjo.com\/#organization\"},\"potentialAction\":[{\"@type\":\"SearchAction\",\"target\":{\"@type\":\"EntryPoint\",\"urlTemplate\":\"https:\/\/revandjo.com\/?s={search_term_string}\"},\"query-input\":{\"@type\":\"PropertyValueSpecification\",\"valueRequired\":true,\"valueName\":\"search_term_string\"}}],\"inLanguage\":\"en-US\"},{\"@type\":\"Organization\",\"@id\":\"https:\/\/revandjo.com\/#organization\",\"name\":\"REV&JO\",\"url\":\"https:\/\/revandjo.com\/\",\"logo\":{\"@type\":\"ImageObject\",\"inLanguage\":\"en-US\",\"@id\":\"https:\/\/revandjo.com\/#\/schema\/logo\/image\/\",\"url\":\"https:\/\/revandjo.com\/wp-content\/uploads\/2025\/02\/logo-200px-svg-negro-01.svg\",\"contentUrl\":\"https:\/\/revandjo.com\/wp-content\/uploads\/2025\/02\/logo-200px-svg-negro-01.svg\",\"width\":197.3,\"height\":43.4,\"caption\":\"REV&JO\"},\"image\":{\"@id\":\"https:\/\/revandjo.com\/#\/schema\/logo\/image\/\"},\"sameAs\":[\"https:\/\/www.facebook.com\/profile.php?id=61557333809112\",\"https:\/\/www.instagram.com\/rev_and_jo\/\"]}]}<\/script>\n<!-- \/ Yoast SEO plugin. -->","yoast_head_json":{"title":"Contact Us 3 - REV&amp;JO","robots":{"index":"index","follow":"follow","max-snippet":"max-snippet:-1","max-image-preview":"max-image-preview:large","max-video-preview":"max-video-preview:-1"},"canonical":"https:\/\/www.revandjo.com\/contact-us-3\/","og_locale":"en_US","og_type":"article","og_title":"Contact Us 3 - REV&amp;JO","og_description":"CONT\u00c1CTANOS Tel\u00e9fono \/ Whatsapp (311) 397-01-10 Correo electr\u00f3nico ventas@revandjo.com \u00bfTienes algo que contarnos? Escr\u00edbenos si deseas m\u00e1s informaci\u00f3n sobre nosotros, patrocinios o m\u00e1s.","og_url":"https:\/\/www.revandjo.com\/contact-us-3\/","og_site_name":"REV&amp;JO","article_publisher":"https:\/\/www.facebook.com\/profile.php?id=61557333809112","article_modified_time":"2025-03-09T02:35:10+00:00","twitter_card":"summary_large_image","schema":{"@context":"https:\/\/schema.org","@graph":[{"@type":"WebPage","@id":"https:\/\/www.revandjo.com\/contact-us-3\/","url":"https:\/\/www.revandjo.com\/contact-us-3\/","name":"Contact Us 3 - REV&amp;JO","isPartOf":{"@id":"https:\/\/revandjo.com\/#website"},"datePublished":"2022-05-07T11:27:33+00:00","dateModified":"2025-03-09T02:35:10+00:00","breadcrumb":{"@id":"https:\/\/www.revandjo.com\/contact-us-3\/#breadcrumb"},"inLanguage":"en-US","potentialAction":[{"@type":"ReadAction","target":["https:\/\/www.revandjo.com\/contact-us-3\/"]}]},{"@type":"BreadcrumbList","@id":"https:\/\/www.revandjo.com\/contact-us-3\/#breadcrumb","itemListElement":[{"@type":"ListItem","position":1,"name":"Portada","item":"https:\/\/revandjo.com\/"},{"@type":"ListItem","position":2,"name":"Contact Us 3"}]},{"@type":"WebSite","@id":"https:\/\/revandjo.com\/#website","url":"https:\/\/revandjo.com\/","name":"REV&JO","description":"l\u00ednea de ropa outdoor en M\u00e9xico","publisher":{"@id":"https:\/\/revandjo.com\/#organization"},"potentialAction":[{"@type":"SearchAction","target":{"@type":"EntryPoint","urlTemplate":"https:\/\/revandjo.com\/?s={search_term_string}"},"query-input":{"@type":"PropertyValueSpecification","valueRequired":true,"valueName":"search_term_string"}}],"inLanguage":"en-US"},{"@type":"Organization","@id":"https:\/\/revandjo.com\/#organization","name":"REV&JO","url":"https:\/\/revandjo.com\/","logo":{"@type":"ImageObject","inLanguage":"en-US","@id":"https:\/\/revandjo.com\/#\/schema\/logo\/image\/","url":"https:\/\/revandjo.com\/wp-content\/uploads\/2025\/02\/logo-200px-svg-negro-01.svg","contentUrl":"https:\/\/revandjo.com\/wp-content\/uploads\/2025\/02\/logo-200px-svg-negro-01.svg","width":197.3,"height":43.4,"caption":"REV&JO"},"image":{"@id":"https:\/\/revandjo.com\/#\/schema\/logo\/image\/"},"sameAs":["https:\/\/www.facebook.com\/profile.php?id=61557333809112","https:\/\/www.instagram.com\/rev_and_jo\/"]}]}},"jetpack_sharing_enabled":true,"_links":{"self":[{"href":"https:\/\/revandjo.com\/en\/wp-json\/wp\/v2\/pages\/611","targetHints":{"allow":["GET"]}}],"collection":[{"href":"https:\/\/revandjo.com\/en\/wp-json\/wp\/v2\/pages"}],"about":[{"href":"https:\/\/revandjo.com\/en\/wp-json\/wp\/v2\/types\/page"}],"author":[{"embeddable":true,"href":"https:\/\/revandjo.com\/en\/wp-json\/wp\/v2\/users\/1"}],"replies":[{"embeddable":true,"href":"https:\/\/revandjo.com\/en\/wp-json\/wp\/v2\/comments?post=611"}],"version-history":[{"count":9,"href":"https:\/\/revandjo.com\/en\/wp-json\/wp\/v2\/pages\/611\/revisions"}],"predecessor-version":[{"id":1698,"href":"https:\/\/revandjo.com\/en\/wp-json\/wp\/v2\/pages\/611\/revisions\/1698"}],"wp:attachment":[{"href":"https:\/\/revandjo.com\/en\/wp-json\/wp\/v2\/media?parent=611"}],"curies":[{"name":"wp","href":"https:\/\/api.w.org\/{rel}","templated":true}]}}