{"id":1540,"date":"2025-03-01T20:52:04","date_gmt":"2025-03-01T20:52:04","guid":{"rendered":"https:\/\/revandjo.com\/?post_type=product&#038;p=1540"},"modified":"2025-11-18T04:41:11","modified_gmt":"2025-11-18T11:41:11","slug":"gorra-azul-deslavada","status":"publish","type":"product","link":"https:\/\/revandjo.com\/en\/product\/gorra-azul-deslavada\/","title":{"rendered":"Gorra Azul Deslavada"},"content":{"rendered":"<p><strong>Composici\u00f3n:<\/strong> 100% algod\u00f3n lavado<br \/>\n<strong>Descripci\u00f3n:<\/strong> Gorra tipo beisbol deslavada de algod\u00f3n con dise\u00f1o est\u00e9tico y elegante azul navy.<\/p>","protected":false},"excerpt":{"rendered":"<p>Gorra tipo beisbol deslavada de algod\u00f3n con dise\u00f1o est\u00e9tico y elegante color azul navy.<\/p>","protected":false},"featured_media":1533,"comment_status":"open","ping_status":"closed","template":"","meta":[],"product_brand":[],"product_cat":[70,86,87],"product_tag":[],"class_list":{"0":"post-1540","1":"product","2":"type-product","3":"status-publish","4":"has-post-thumbnail","6":"product_cat-accesorios","7":"product_cat-hombre","8":"product_cat-mujer","10":"first","11":"instock","12":"taxable","13":"shipping-taxable","14":"purchasable","15":"product-type-simple"},"yoast_head":"<!-- This site is optimized with the Yoast SEO plugin v27.2 - https:\/\/yoast.com\/product\/yoast-seo-wordpress\/ -->\n<title>Gorra Azul Deslavada - REV&amp;JO<\/title>\n<meta name=\"robots\" content=\"index, follow, max-snippet:-1, max-image-preview:large, max-video-preview:-1\" \/>\n<link rel=\"canonical\" href=\"https:\/\/www.revandjo.com\/product\/gorra-azul-deslavada\/\" \/>\n<meta property=\"og:locale\" content=\"en_US\" \/>\n<meta property=\"og:type\" content=\"article\" \/>\n<meta property=\"og:title\" content=\"Gorra Azul Deslavada - REV&amp;JO\" \/>\n<meta property=\"og:description\" content=\"Gorra tipo beisbol deslavada de algod\u00f3n con dise\u00f1o est\u00e9tico y elegante color azul navy.\" \/>\n<meta property=\"og:url\" content=\"https:\/\/www.revandjo.com\/product\/gorra-azul-deslavada\/\" \/>\n<meta property=\"og:site_name\" content=\"REV&amp;JO\" \/>\n<meta property=\"article:publisher\" content=\"https:\/\/www.facebook.com\/profile.php?id=61557333809112\" \/>\n<meta property=\"article:modified_time\" content=\"2025-11-18T11:41:11+00:00\" \/>\n<meta property=\"og:image\" content=\"https:\/\/www.revandjo.com\/wp-content\/uploads\/2025\/03\/gorra-azul-frente.jpg\" \/>\n\t<meta property=\"og:image:width\" content=\"1030\" \/>\n\t<meta property=\"og:image:height\" content=\"1406\" \/>\n\t<meta property=\"og:image:type\" content=\"image\/jpeg\" \/>\n<meta name=\"twitter:card\" content=\"summary_large_image\" \/>\n<meta name=\"twitter:label1\" content=\"Est. reading time\" \/>\n\t<meta name=\"twitter:data1\" content=\"1 minute\" \/>\n<script type=\"application\/ld+json\" class=\"yoast-schema-graph\">{\"@context\":\"https:\/\/schema.org\",\"@graph\":[{\"@type\":\"WebPage\",\"@id\":\"https:\/\/www.revandjo.com\/product\/gorra-azul-deslavada\/\",\"url\":\"https:\/\/www.revandjo.com\/product\/gorra-azul-deslavada\/\",\"name\":\"Gorra Azul Deslavada - REV&amp;JO\",\"isPartOf\":{\"@id\":\"https:\/\/revandjo.com\/#website\"},\"primaryImageOfPage\":{\"@id\":\"https:\/\/www.revandjo.com\/product\/gorra-azul-deslavada\/#primaryimage\"},\"image\":{\"@id\":\"https:\/\/www.revandjo.com\/product\/gorra-azul-deslavada\/#primaryimage\"},\"thumbnailUrl\":\"https:\/\/revandjo.com\/wp-content\/uploads\/2025\/03\/gorra-azul-frente.jpg\",\"datePublished\":\"2025-03-01T20:52:04+00:00\",\"dateModified\":\"2025-11-18T11:41:11+00:00\",\"breadcrumb\":{\"@id\":\"https:\/\/www.revandjo.com\/product\/gorra-azul-deslavada\/#breadcrumb\"},\"inLanguage\":\"en-US\",\"potentialAction\":[{\"@type\":\"ReadAction\",\"target\":[\"https:\/\/www.revandjo.com\/product\/gorra-azul-deslavada\/\"]}]},{\"@type\":\"ImageObject\",\"inLanguage\":\"en-US\",\"@id\":\"https:\/\/www.revandjo.com\/product\/gorra-azul-deslavada\/#primaryimage\",\"url\":\"https:\/\/revandjo.com\/wp-content\/uploads\/2025\/03\/gorra-azul-frente.jpg\",\"contentUrl\":\"https:\/\/revandjo.com\/wp-content\/uploads\/2025\/03\/gorra-azul-frente.jpg\",\"width\":1030,\"height\":1406},{\"@type\":\"BreadcrumbList\",\"@id\":\"https:\/\/www.revandjo.com\/product\/gorra-azul-deslavada\/#breadcrumb\",\"itemListElement\":[{\"@type\":\"ListItem\",\"position\":1,\"name\":\"Portada\",\"item\":\"https:\/\/revandjo.com\/\"},{\"@type\":\"ListItem\",\"position\":2,\"name\":\"Tienda\",\"item\":\"https:\/\/revandjo.com\/tienda\/\"},{\"@type\":\"ListItem\",\"position\":3,\"name\":\"Gorra Azul Deslavada\"}]},{\"@type\":\"WebSite\",\"@id\":\"https:\/\/revandjo.com\/#website\",\"url\":\"https:\/\/revandjo.com\/\",\"name\":\"REV&JO\",\"description\":\"l\u00ednea de ropa outdoor en M\u00e9xico\",\"publisher\":{\"@id\":\"https:\/\/revandjo.com\/#organization\"},\"potentialAction\":[{\"@type\":\"SearchAction\",\"target\":{\"@type\":\"EntryPoint\",\"urlTemplate\":\"https:\/\/revandjo.com\/?s={search_term_string}\"},\"query-input\":{\"@type\":\"PropertyValueSpecification\",\"valueRequired\":true,\"valueName\":\"search_term_string\"}}],\"inLanguage\":\"en-US\"},{\"@type\":\"Organization\",\"@id\":\"https:\/\/revandjo.com\/#organization\",\"name\":\"REV&JO\",\"url\":\"https:\/\/revandjo.com\/\",\"logo\":{\"@type\":\"ImageObject\",\"inLanguage\":\"en-US\",\"@id\":\"https:\/\/revandjo.com\/#\/schema\/logo\/image\/\",\"url\":\"https:\/\/revandjo.com\/wp-content\/uploads\/2025\/02\/logo-200px-svg-negro-01.svg\",\"contentUrl\":\"https:\/\/revandjo.com\/wp-content\/uploads\/2025\/02\/logo-200px-svg-negro-01.svg\",\"width\":197.3,\"height\":43.4,\"caption\":\"REV&JO\"},\"image\":{\"@id\":\"https:\/\/revandjo.com\/#\/schema\/logo\/image\/\"},\"sameAs\":[\"https:\/\/www.facebook.com\/profile.php?id=61557333809112\",\"https:\/\/www.instagram.com\/rev_and_jo\/\"]}]}<\/script>\n<!-- \/ Yoast SEO plugin. -->","yoast_head_json":{"title":"Gorra Azul Deslavada - REV&amp;JO","robots":{"index":"index","follow":"follow","max-snippet":"max-snippet:-1","max-image-preview":"max-image-preview:large","max-video-preview":"max-video-preview:-1"},"canonical":"https:\/\/www.revandjo.com\/product\/gorra-azul-deslavada\/","og_locale":"en_US","og_type":"article","og_title":"Gorra Azul Deslavada - REV&amp;JO","og_description":"Gorra tipo beisbol deslavada de algod\u00f3n con dise\u00f1o est\u00e9tico y elegante color azul navy.","og_url":"https:\/\/www.revandjo.com\/product\/gorra-azul-deslavada\/","og_site_name":"REV&amp;JO","article_publisher":"https:\/\/www.facebook.com\/profile.php?id=61557333809112","article_modified_time":"2025-11-18T11:41:11+00:00","og_image":[{"width":1030,"height":1406,"url":"https:\/\/www.revandjo.com\/wp-content\/uploads\/2025\/03\/gorra-azul-frente.jpg","type":"image\/jpeg"}],"twitter_card":"summary_large_image","twitter_misc":{"Est. reading time":"1 minute"},"schema":{"@context":"https:\/\/schema.org","@graph":[{"@type":"WebPage","@id":"https:\/\/www.revandjo.com\/product\/gorra-azul-deslavada\/","url":"https:\/\/www.revandjo.com\/product\/gorra-azul-deslavada\/","name":"Gorra Azul Deslavada - REV&amp;JO","isPartOf":{"@id":"https:\/\/revandjo.com\/#website"},"primaryImageOfPage":{"@id":"https:\/\/www.revandjo.com\/product\/gorra-azul-deslavada\/#primaryimage"},"image":{"@id":"https:\/\/www.revandjo.com\/product\/gorra-azul-deslavada\/#primaryimage"},"thumbnailUrl":"https:\/\/revandjo.com\/wp-content\/uploads\/2025\/03\/gorra-azul-frente.jpg","datePublished":"2025-03-01T20:52:04+00:00","dateModified":"2025-11-18T11:41:11+00:00","breadcrumb":{"@id":"https:\/\/www.revandjo.com\/product\/gorra-azul-deslavada\/#breadcrumb"},"inLanguage":"en-US","potentialAction":[{"@type":"ReadAction","target":["https:\/\/www.revandjo.com\/product\/gorra-azul-deslavada\/"]}]},{"@type":"ImageObject","inLanguage":"en-US","@id":"https:\/\/www.revandjo.com\/product\/gorra-azul-deslavada\/#primaryimage","url":"https:\/\/revandjo.com\/wp-content\/uploads\/2025\/03\/gorra-azul-frente.jpg","contentUrl":"https:\/\/revandjo.com\/wp-content\/uploads\/2025\/03\/gorra-azul-frente.jpg","width":1030,"height":1406},{"@type":"BreadcrumbList","@id":"https:\/\/www.revandjo.com\/product\/gorra-azul-deslavada\/#breadcrumb","itemListElement":[{"@type":"ListItem","position":1,"name":"Portada","item":"https:\/\/revandjo.com\/"},{"@type":"ListItem","position":2,"name":"Tienda","item":"https:\/\/revandjo.com\/tienda\/"},{"@type":"ListItem","position":3,"name":"Gorra Azul Deslavada"}]},{"@type":"WebSite","@id":"https:\/\/revandjo.com\/#website","url":"https:\/\/revandjo.com\/","name":"REV&JO","description":"l\u00ednea de ropa outdoor en M\u00e9xico","publisher":{"@id":"https:\/\/revandjo.com\/#organization"},"potentialAction":[{"@type":"SearchAction","target":{"@type":"EntryPoint","urlTemplate":"https:\/\/revandjo.com\/?s={search_term_string}"},"query-input":{"@type":"PropertyValueSpecification","valueRequired":true,"valueName":"search_term_string"}}],"inLanguage":"en-US"},{"@type":"Organization","@id":"https:\/\/revandjo.com\/#organization","name":"REV&JO","url":"https:\/\/revandjo.com\/","logo":{"@type":"ImageObject","inLanguage":"en-US","@id":"https:\/\/revandjo.com\/#\/schema\/logo\/image\/","url":"https:\/\/revandjo.com\/wp-content\/uploads\/2025\/02\/logo-200px-svg-negro-01.svg","contentUrl":"https:\/\/revandjo.com\/wp-content\/uploads\/2025\/02\/logo-200px-svg-negro-01.svg","width":197.3,"height":43.4,"caption":"REV&JO"},"image":{"@id":"https:\/\/revandjo.com\/#\/schema\/logo\/image\/"},"sameAs":["https:\/\/www.facebook.com\/profile.php?id=61557333809112","https:\/\/www.instagram.com\/rev_and_jo\/"]}]}},"jetpack_sharing_enabled":true,"_links":{"self":[{"href":"https:\/\/revandjo.com\/en\/wp-json\/wp\/v2\/product\/1540","targetHints":{"allow":["GET"]}}],"collection":[{"href":"https:\/\/revandjo.com\/en\/wp-json\/wp\/v2\/product"}],"about":[{"href":"https:\/\/revandjo.com\/en\/wp-json\/wp\/v2\/types\/product"}],"replies":[{"embeddable":true,"href":"https:\/\/revandjo.com\/en\/wp-json\/wp\/v2\/comments?post=1540"}],"version-history":[{"count":1,"href":"https:\/\/revandjo.com\/en\/wp-json\/wp\/v2\/product\/1540\/revisions"}],"predecessor-version":[{"id":1545,"href":"https:\/\/revandjo.com\/en\/wp-json\/wp\/v2\/product\/1540\/revisions\/1545"}],"wp:featuredmedia":[{"embeddable":true,"href":"https:\/\/revandjo.com\/en\/wp-json\/wp\/v2\/media\/1533"}],"wp:attachment":[{"href":"https:\/\/revandjo.com\/en\/wp-json\/wp\/v2\/media?parent=1540"}],"wp:term":[{"taxonomy":"product_brand","embeddable":true,"href":"https:\/\/revandjo.com\/en\/wp-json\/wp\/v2\/product_brand?post=1540"},{"taxonomy":"product_cat","embeddable":true,"href":"https:\/\/revandjo.com\/en\/wp-json\/wp\/v2\/product_cat?post=1540"},{"taxonomy":"product_tag","embeddable":true,"href":"https:\/\/revandjo.com\/en\/wp-json\/wp\/v2\/product_tag?post=1540"}],"curies":[{"name":"wp","href":"https:\/\/api.w.org\/{rel}","templated":true}]}}